{"id":205,"date":"2023-07-07T21:23:02","date_gmt":"2023-07-07T19:23:02","guid":{"rendered":"http:\/\/www.wagaga.be\/?page_id=205"},"modified":"2023-07-08T00:09:16","modified_gmt":"2023-07-07T22:09:16","slug":"welcome","status":"publish","type":"page","link":"https:\/\/www.wagaga.be\/","title":{"rendered":"Welcome"},"content":{"rendered":"<p>[et_pb_section fb_built=&#8221;1&#8243; _builder_version=&#8221;4.21.0&#8243; _module_preset=&#8221;default&#8221; background_color=&#8221;#101e11&#8243; min_height=&#8221;604.8px&#8221; custom_margin=&#8221;||-4px|||&#8221; global_colors_info=&#8221;{}&#8221;][et_pb_row _builder_version=&#8221;4.21.0&#8243; _module_preset=&#8221;default&#8221; use_background_color_gradient=&#8221;on&#8221; background_image=&#8221;http:\/\/www.wagaga.be\/wp-content\/uploads\/2023\/07\/elbigjeu.png&#8221; min_height=&#8221;921.8px&#8221; custom_margin=&#8221;|auto|64px|auto||&#8221; custom_padding=&#8221;||591px|||&#8221; global_colors_info=&#8221;{}&#8221;][et_pb_column type=&#8221;4_4&#8243; _builder_version=&#8221;4.21.0&#8243; _module_preset=&#8221;default&#8221; global_colors_info=&#8221;{}&#8221;][et_pb_text _builder_version=&#8221;4.21.0&#8243; _module_preset=&#8221;default&#8221; global_colors_info=&#8221;{}&#8221;][\/et_pb_text][et_pb_image src=&#8221;http:\/\/www.wagaga.be\/wp-content\/uploads\/2023\/07\/le-grand-jeu-2.png&#8221; title_text=&#8221;le grand jeu&#8221; align=&#8221;center&#8221; _builder_version=&#8221;4.21.0&#8243; _module_preset=&#8221;default&#8221; custom_margin=&#8221;||1px|||&#8221; animation_style=&#8221;zoom&#8221; animation_duration=&#8221;1500ms&#8221; animation_delay=&#8221;900ms&#8221; animation_intensity_zoom=&#8221;52%&#8221; global_colors_info=&#8221;{}&#8221;][\/et_pb_image][\/et_pb_column][\/et_pb_row][et_pb_row _builder_version=&#8221;4.21.0&#8243; _module_preset=&#8221;default&#8221; global_colors_info=&#8221;{}&#8221;][et_pb_column type=&#8221;4_4&#8243; _builder_version=&#8221;4.21.0&#8243; _module_preset=&#8221;default&#8221; global_colors_info=&#8221;{}&#8221;][et_pb_text _builder_version=&#8221;4.21.0&#8243; _module_preset=&#8221;default&#8221; global_colors_info=&#8221;{}&#8221;]<\/p>\n<h1 style=\"text-align: center;\"><span style=\"font-size: xx-large;\">Comment jouer \u00e0 changer le monde?<\/span><\/h1>\n<p style=\"text-align: justify;\"><span style=\"font-size: x-large;\">\u00a0<\/span><\/p>\n<p style=\"text-align: justify;\"><span style=\"font-size: x-large;\">Nous sommes \u00e0 un croisement de chemins. L\u2019un m\u00e8ne assur\u00e9ment vers un effondrement total ou partiel de la soci\u00e9t\u00e9 et de la vie telle que nous la connaissons aujourd\u2019hui. L\u2019autre m\u00e8ne vers un inconnu \u00e0 construire. Les enjeux auxquels nous faisons face ne permettent pas de demi-mesures. Il n&#8217;y a pas de solution miracle. Par contre chaque jour, des millions de femmes et d&#8217;hommes se l\u00e8vent avec pour but, de vouloir agrader le monde.<\/span><span style=\"font-size: x-large;\"><\/span><\/p>\n<p style=\"text-align: justify;\"><span style=\"font-size: x-large;\">Comme le mentionnent Abdennour Bidar et Vincent Commenne dans leurs livres respectifs, nous devons aujourd\u2019hui, chercher \u00e0 unifier les r\u00e9seaux et les personnes qui \u0153uvrent pour un monde meilleur. <br \/><\/span><\/p>\n<p style=\"text-align: justify;\"><span style=\"font-size: x-large;\">Voil\u00e0 le but de Mellontopos! Jouons ensemble \u00e0 construire le monde de demain.<\/span><\/p>\n<p>[\/et_pb_text][et_pb_button button_url=&#8221;@ET-DC@eyJkeW5hbWljIjp0cnVlLCJjb250ZW50IjoicG9zdF9saW5rX3VybF9wYWdlIiwic2V0dGluZ3MiOnsicG9zdF9pZCI6IjYifX0=@&#8221; button_text=&#8221;Entrez&#8221; button_alignment=&#8221;center&#8221; _builder_version=&#8221;4.21.0&#8243; _dynamic_attributes=&#8221;button_url&#8221; _module_preset=&#8221;default&#8221; custom_button=&#8221;on&#8221; button_text_color=&#8221;#FFFFFF&#8221; global_colors_info=&#8221;{}&#8221;][\/et_pb_button][\/et_pb_column][\/et_pb_row][\/et_pb_section]<\/p>\n","protected":false},"excerpt":{"rendered":"<p>Comment jouer \u00e0 changer le monde? \u00a0 Nous sommes \u00e0 un croisement de chemins. L\u2019un m\u00e8ne assur\u00e9ment vers un effondrement total ou partiel de la soci\u00e9t\u00e9 et de la vie telle que nous la connaissons aujourd\u2019hui. L\u2019autre m\u00e8ne vers un inconnu \u00e0 construire. Les enjeux auxquels nous faisons face ne permettent pas de demi-mesures. Il [&hellip;]<\/p>\n","protected":false},"author":1,"featured_media":0,"parent":0,"menu_order":0,"comment_status":"closed","ping_status":"closed","template":"page-template-blank.php","meta":{"_et_pb_use_builder":"on","_et_pb_old_content":"","_et_gb_content_width":""},"_links":{"self":[{"href":"https:\/\/www.wagaga.be\/index.php?rest_route=\/wp\/v2\/pages\/205"}],"collection":[{"href":"https:\/\/www.wagaga.be\/index.php?rest_route=\/wp\/v2\/pages"}],"about":[{"href":"https:\/\/www.wagaga.be\/index.php?rest_route=\/wp\/v2\/types\/page"}],"author":[{"embeddable":true,"href":"https:\/\/www.wagaga.be\/index.php?rest_route=\/wp\/v2\/users\/1"}],"replies":[{"embeddable":true,"href":"https:\/\/www.wagaga.be\/index.php?rest_route=%2Fwp%2Fv2%2Fcomments&post=205"}],"version-history":[{"count":13,"href":"https:\/\/www.wagaga.be\/index.php?rest_route=\/wp\/v2\/pages\/205\/revisions"}],"predecessor-version":[{"id":253,"href":"https:\/\/www.wagaga.be\/index.php?rest_route=\/wp\/v2\/pages\/205\/revisions\/253"}],"wp:attachment":[{"href":"https:\/\/www.wagaga.be\/index.php?rest_route=%2Fwp%2Fv2%2Fmedia&parent=205"}],"curies":[{"name":"wp","href":"https:\/\/api.w.org\/{rel}","templated":true}]}}